{"id":47,"date":"2018-06-01T12:56:43","date_gmt":"2018-06-01T10:56:43","guid":{"rendered":"http:\/\/die-bayerische.de\/wp2018\/?page_id=47"},"modified":"2018-11-12T18:29:10","modified_gmt":"2018-11-12T17:29:10","slug":"psychosozialer-wohnverbund","status":"publish","type":"page","link":"https:\/\/die-bayerische.de\/wp2018\/psychosozialer-wohnverbund\/","title":{"rendered":"Psychosozialer Wohnverbund"},"content":{"rendered":"<p>[et_pb_section bb_built=&#8220;1&#8243; _builder_version=&#8220;3.15&#8243; next_background_color=&#8220;#53575a&#8220;][et_pb_row use_custom_width=&#8220;on&#8220; width_unit=&#8220;off&#8220; custom_width_percent=&#8220;100%&#8220; use_custom_gutter=&#8220;on&#8220; gutter_width=&#8220;3&#8243; custom_padding=&#8220;29px|15px|29px|15px|false|false&#8220; module_class=&#8220;container&#8220; _builder_version=&#8220;3.15&#8243;][et_pb_column type=&#8220;1_3&#8243;][et_pb_text admin_label=&#8220;Quote&#8220; module_class=&#8220;pp-quote&#8220; _builder_version=&#8220;3.17.3&#8243; text_text_color=&#8220;#647983&#8243; text_font_size=&#8220;20px&#8220; text_font_size_last_edited=&#8220;on|phone&#8220; custom_margin=&#8220;6px|||0px&#8220; custom_padding_last_edited=&#8220;off|desktop&#8220; saved_tabs=&#8220;all&#8220; global_module=&#8220;1421&#8243;]<\/p>\n<p>Die Bayerische<br \/>bietet Beratung, Hilfen zum Wohnen und gesetzliche Betreuung.<\/p>\n<p>[\/et_pb_text][\/et_pb_column][et_pb_column type=&#8220;2_3&#8243;][et_pb_text admin_label=&#8220;Headline and Text&#8220; _builder_version=&#8220;3.17.3&#8243;]<\/p>\n<h1 class=\"max-title\">Psychosozialer Wohnverbund<\/h1>\n<h2>Profil<\/h2>\n<p>Wir nehmen R\u00fccksicht auf die Lebensrealit\u00e4ten und -erfahrungen unserer Klientinnen und Klienten, so verschieden sie auch sein m\u00f6gen. Sie sollen sich wohl und angenommen f\u00fchlen. Eine positive Umgebung \u2013 mit m\u00f6glichst wenig Stress und klaren, \u00fcberschaubaren Strukturen \u2013 ist uns deshalb sehr wichtig. Wir haben zwei psychosoziale Wohnverb\u00fcnde, von denen jeder ein eigenes Wohnkonzept mit unterschiedlich intensiver Betreuung hat. Die beiden Wohnverb\u00fcnde sind aber eng miteinander vernetzt.<\/p>\n<h3>I. Der Psychosoziale Wohnverbund Wasserburger Stra\u00dfe in Haar<\/h3>\n<p>Dieser Wohnverbund hat folgende Angebote: 1. eine intensiv betreute \u00dcbergangseinrichtung 2. eine \u00dcbergangseinrichtung 3. eine sozialtherapeutische Wohngemeinschaft Hier werden insbesondere Menschen nach ihrer Entlassung aus einer psychiatrischen Klinik aufgenommen. Sie sollen sich psychisch soweit stabilisieren und selbstst\u00e4ndig werden, dass sie anschlie\u00dfend in einer weniger betreuten Wohnform leben k\u00f6nnen. Die Verweildauer f\u00fcr das erste und zweite Wohnkonzept ist auf insgesamt 18 Monate begrenzt.<\/p>\n<h3>II. Der Psychosoziale Wohnverbund M\u00fcnchen und Land<\/h3>\n<p>Dieser Wohnverbund h\u00e4lt f\u00fcr Menschen mit schweren und anhaltenden psychiatrischen Erkrankungen folgende Wohngemeinschaften bereit: vier in M\u00fcnchen-Riem, eine in Haar und eine in Grasbrunn. Die Bewohnerinnen und Bewohner werden \u00fcber einen l\u00e4ngeren Zeitraum individuell gef\u00f6rdert, um so gut als m\u00f6glich wieder einmal selbstst\u00e4ndig leben zu k\u00f6nnen.<\/p>\n<p>Die beiden psychosozialen Wohnverb\u00fcnde bieten ihren Bewohnerinnen und Bewohnern viele Vorteile:<\/p>\n<ul>\n<li>Niemand muss den Wohnort wechseln oder sich mit st\u00e4ndig wechselnden Betreuungspersonen auseinandersetzen \u2013 unabh\u00e4ngig davon, wie schwer jemand psychisch belastet ist oder in welcher Betreuungseinheit er\/sie gerade lebt.<\/li>\n<li>Freizeitangebote und andere einrichtungs\u00fcbergreifende Ma\u00dfnahmen stehen allen zur Verf\u00fcgung.<\/li>\n<li>Alle Beteiligten \u2013 Bewohnerinnen, Bewohner, Fachteam \u2013 kennen sich. In einem Krisenfall ist das ein gro\u00dfer Vorteil, weil alle sofort wissen, was zu tun ist.<\/li>\n<\/ul>\n<p>[\/et_pb_text][et_pb_text admin_label=&#8220;Headline and Text&#8220; _builder_version=&#8220;3.15&#8243; custom_padding=&#8220;20px|||&#8220;]<\/p>\n<h2>Das Ziel: psychosoziale Selbstst\u00e4ndigkeit<\/h2>\n<p>Damit Klientinnen und Klienten wieder ins Leben zur\u00fcckfinden und ihren Alltag m\u00f6glichst eigenst\u00e4ndig bew\u00e4ltigen k\u00f6nnen, f\u00f6rdern wir sie gezielt in allen Stufen der Betreuung.<br \/>Unserer Erfahrung nach wird die Betreuung Schritt f\u00fcr Schritt weniger. Viele k\u00f6nnen dann in eine weniger betreute Wohnform wechseln wie zum Beispiel in eine Langzeiteinrichtung oder auch in Betreutes Einzelwohnen.<\/p>\n<p>Menschen, die sich uns anvertrauen, helfen wir dabei,<\/p>\n<ul>\n<li>ihren Tag sinnvoll zu strukturieren und sich auch daran zu halten.<\/li>\n<li>ihre psychische Erkrankung und die damit verbundenen Einschr\u00e4nkungen anzunehmen.<\/li>\n<li>eigenverantwortlich mit Medikamenten umzugehen, das hei\u00dft zum Beispiel, sie \u2013 wie vorgegeben \u2013 einzunehmen.<\/li>\n<li>Krisen fr\u00fchzeitig zu erkennen.<\/li>\n<\/ul>\n<p>&nbsp;<\/p>\n<p>[\/et_pb_text][et_pb_accordion open_toggle_text_color=&#8220;#af0917&#8243; closed_toggle_text_color=&#8220;#af0917&#8243; icon_color=&#8220;#af0917&#8243; _builder_version=&#8220;3.15&#8243; toggle_line_height=&#8220;1.3em&#8220; background_color=&#8220;#ffffff&#8220; border_width_all=&#8220;0px&#8220; border_color_all=&#8220;#af0917&#8243; global_module=&#8220;847&#8243; saved_tabs=&#8220;all&#8220;][et_pb_accordion_item title=&#8220;Psychosozialer Wohnverbund: F\u00fcr wen gedacht? &#8220; open=&#8220;on&#8220; _builder_version=&#8220;3.15&#8243; title_text_shadow_horizontal_length=&#8220;0em&#8220; title_text_shadow_vertical_length=&#8220;0em&#8220; title_text_shadow_blur_strength=&#8220;0em&#8220; body_text_shadow_horizontal_length=&#8220;0em&#8220; body_text_shadow_vertical_length=&#8220;0em&#8220; body_text_shadow_blur_strength=&#8220;0em&#8220;]<\/p>\n<p>Der Psychosoziale Wohnverbund ist gedacht f\u00fcr Menschen \u2026<\/p>\n<ul>\n<li>mit chronisch verlaufenden Psychosen aus dem schizophrenen Formenkreis, mit schweren krankheitsbedingten Beeintr\u00e4chtigungen; f\u00fcr Menschen, bei denen so gut wie keine Therapie hilft, die kaum einen eigenen Antrieb haben; die sich nicht gut um sich selbst k\u00fcmmern k\u00f6nnen und Probleme haben, den Tag f\u00fcr sich zu strukturieren.<\/li>\n<li>die st\u00e4ndig an einer Psychose leiden oder bei denen die Psychose immer wiederkehrt \u2013 in Verbindung mit Alkohol- oder Drogenmissbrauch bzw. Polytoxikomanie (= gleichzeitige Abh\u00e4ngigkeit von mehreren Medikamenten oder Drogen).<br \/>Wichtig! Vor einer Aufnahme in den Wohnverbund d\u00fcrfen \u00fcber 6 Monat hinweg kein Alkohol, keine Drogen oder Medikamente missbr\u00e4uchlich eingenommen worden sein.<\/li>\n<li>mit chronisch verlaufenden Psychosen, die lernbeeintr\u00e4chtigt sind und\/oder eine Verhaltens- beziehungsweise Pers\u00f6nlichkeitsst\u00f6rung haben.<\/li>\n<li>mit affektiven St\u00f6rungen, die unter \u00c4ngsten oder Zw\u00e4ngen leiden.<\/li>\n<li>die im Zusammenhang mit ihrer Psychose eine Straftat begangen haben (auch Mehrfacherkrankungen).<\/li>\n<li>im Einzelfall auch f\u00fcr Menschen mit Pers\u00f6nlichkeitsst\u00f6rungen, zum Beispiel mit einer Borderline-St\u00f6rung.<\/li>\n<\/ul>\n<p>[\/et_pb_accordion_item][et_pb_accordion_item title=&#8220;Leistungen beim Psychosozialen Wohnverbund&#8220; open=&#8220;off&#8220; _builder_version=&#8220;3.15&#8243; title_text_shadow_horizontal_length=&#8220;0em&#8220; title_text_shadow_vertical_length=&#8220;0em&#8220; title_text_shadow_blur_strength=&#8220;0em&#8220; body_text_shadow_horizontal_length=&#8220;0em&#8220; body_text_shadow_vertical_length=&#8220;0em&#8220; body_text_shadow_blur_strength=&#8220;0em&#8220;]<\/p>\n<p>Alle Betreuungsangebote stimmen wir individuell auf die Bed\u00fcrfnisse der Bewohnerinnen und Bewohner ab:<\/p>\n<ul>\n<li>Wir f\u00f6rdern und trainieren mit Ihnen praktische F\u00e4higkeiten f\u00fcr den Alltag\u2013 einzeln oder in Gruppen.<\/li>\n<li>In Einzel- und Gruppengespr\u00e4chen bieten wir die M\u00f6glichkeit, ein Verst\u00e4ndnis f\u00fcr die Krankheit zu entwickeln.<\/li>\n<li>Wir unterst\u00fctzen Sie dabei, selbstsicherer zu werden.<\/li>\n<li>Wir f\u00f6rdern das Mit-Sich-Selbst-Besch\u00e4ftigten und die eigene Arbeitsf\u00e4higkeit.<\/li>\n<li>\u00dcber Sport und Projektgruppen, Urlaubs- und andere Ma\u00dfnahmen haben Sie die M\u00f6glichkeit, Ihre Freizeit aktiv zu gestalten.<\/li>\n<\/ul>\n<p>[\/et_pb_accordion_item][et_pb_accordion_item title=&#8220;Aufnahmebedingungen f\u00fcr den Psychosozialen Wohnverbundsozialen Wohnverbund&#8220; open=&#8220;off&#8220; _builder_version=&#8220;3.15&#8243; title_text_shadow_horizontal_length=&#8220;0em&#8220; title_text_shadow_vertical_length=&#8220;0em&#8220; title_text_shadow_blur_strength=&#8220;0em&#8220; body_text_shadow_horizontal_length=&#8220;0em&#8220; body_text_shadow_vertical_length=&#8220;0em&#8220; body_text_shadow_blur_strength=&#8220;0em&#8220;]<\/p>\n<p>Die Bereitschaft, eine Therapie anzugehen, sollte vorhanden sein.<br \/>Eine (zumindest vorl\u00e4ufige) Kosten\u00fcbernahme muss bei Aufnahme vorliegen.<br \/>Eine Aufnahme ist ab dem 21. Lebensjahr m\u00f6glich.<\/p>\n<p>Wer in den psychosozialen Wohnverbund einzieht, verpflichtet sich, sich an die Vereinbarungen, die im Betreuungsvertrag und in der Hausordnung festgehalten sind zu halten.<\/p>\n<p>Der Aufenthalt ist freiwillig. Jeder Bewohner, jede Bewohnerin hat das Recht, das Betreuungsverh\u00e4ltnis zu k\u00fcndigen.<\/p>\n<p>Die Einrichtung der Bayerischen Gesellschaft f\u00fcr psychische Gesundheit e. V. hat das Recht zu k\u00fcndigen, wenn die getroffene Vereinbarung nicht eingehalten wird. Die Bedingungen sind in einem Vertrag geregelt.<\/p>\n<p>Ausschlusskriterien:<\/p>\n<ul>\n<li>Akute Selbst- oder Fremdgef\u00e4hrdung, Suizidalit\u00e4t<\/li>\n<li>vorrangige und akute Abh\u00e4ngigkeit von Suchtmitteln<\/li>\n<li>Organische Psychosen<\/li>\n<li>Schwere k\u00f6rperliche Behinderungen<\/li>\n<li>Schwerwiegende somatische Erkrankungen, Pflegebed\u00fcrftigkeit<\/li>\n<li>Intelligenzminderung und geistige Behinderungen<\/li>\n<li>Dementielle Erkrankungen<\/li>\n<li>Sexual- und Gewaltstraft\u00e4ter mit psychischer Erkrankung<\/li>\n<\/ul>\n<p>[\/et_pb_accordion_item][et_pb_accordion_item title=&#8220;Hier gibt es einen Psychosozialen Wohnverbund&#8220; open=&#8220;off&#8220; _builder_version=&#8220;3.15&#8243; title_text_shadow_horizontal_length=&#8220;0em&#8220; title_text_shadow_vertical_length=&#8220;0em&#8220; title_text_shadow_blur_strength=&#8220;0em&#8220; body_text_shadow_horizontal_length=&#8220;0em&#8220; body_text_shadow_vertical_length=&#8220;0em&#8220; body_text_shadow_blur_strength=&#8220;0em&#8220;]<\/p>\n<p>Angebote f\u00fcr den Psychosozialen Wohnverbund finden Sie in folgenden Regionen:<\/p>\n<p>&gt; <a href=\"https:\/\/die-bayerische.de\/wp2018\/standorte\/muenchen\/\">Region Oberbayern<\/a><\/p>\n<p>[\/et_pb_accordion_item][\/et_pb_accordion][\/et_pb_column][\/et_pb_row][\/et_pb_section][et_pb_section bb_built=&#8220;1&#8243; admin_label=&#8220;Footer&#8220; _builder_version=&#8220;3.17.3&#8243; background_color=&#8220;#53575a&#8220; saved_tabs=&#8220;all&#8220; prev_background_color=&#8220;#ffffff&#8220; global_module=&#8220;997&#8243;][et_pb_row global_parent=&#8220;997&#8243; custom_margin=&#8220;-20px||&#8220; _builder_version=&#8220;3.17.3&#8243;][et_pb_column type=&#8220;1_3&#8243;][et_pb_text global_parent=&#8220;997&#8243; _builder_version=&#8220;3.17.3&#8243; text_font=&#8220;||||||||&#8220; text_text_color=&#8220;#ffffff&#8220; text_font_size=&#8220;15px&#8220; text_line_height=&#8220;1.4em&#8220; border_width_left=&#8220;12px&#8220; border_color_left=&#8220;rgba(0,0,0,0)&#8220;]<\/p>\n<p><span style=\"color: #e02b20;\">Gesch\u00e4ftsstelle Verein<\/span><br \/> Leitung: Margit Klemer<\/p>\n<p>Preysingstra\u00dfe 30<br \/> 81667 M\u00fcnchen<br \/> Telefon: 089 4586789-0<br \/> Telefax: 089 4586789-22<br \/> E-Mail: info@bgfpg.de<\/p>\n<p>[\/et_pb_text][\/et_pb_column][et_pb_column type=&#8220;1_3&#8243;][et_pb_text global_parent=&#8220;997&#8243; _builder_version=&#8220;3.17.3&#8243; text_font=&#8220;||||||||&#8220; text_text_color=&#8220;#ffffff&#8220; text_font_size=&#8220;15px&#8220; text_line_height=&#8220;1.4em&#8220; border_color_all=&#8220;rgba(0,0,0,0)&#8220; border_width_left=&#8220;14px&#8220; custom_margin=&#8220;0px||&#8220; custom_margin_tablet=&#8220;35px||&#8220; custom_margin_phone=&#8220;35px||&#8220; custom_margin_last_edited=&#8220;on|desktop&#8220;]<\/p>\n<p><span style=\"color: #e02b20;\">Region Oberbayern<\/span><br \/> Leitung: Beate Dirkmann<\/p>\n<p>Arnulfstra\u00dfe 22<br \/> 80335 M\u00fcnchen<br \/> Telefon: 089 5599978-40<br \/> Telefax: 089 5599978-10<br \/> E-Mail: oberbayern@bgfpg.de<\/p>\n<p> <span style=\"color: #e02b20;\">Region Regensburg<\/span><br \/> Leitung: Andreas Kinadeter<\/p>\n<p>Rote-Hahnen-Gasse 6<br \/> 93047 Regensburg<br \/> Telefon: 0941 599359-10<br \/> Telefax: 0941 599359-70<br \/> E-Mail: regensburg@bgfpg.de<\/p>\n<p>[\/et_pb_text][\/et_pb_column][et_pb_column type=&#8220;1_3&#8243;][et_pb_text global_parent=&#8220;997&#8243; _builder_version=&#8220;3.17.3&#8243; text_font=&#8220;||||||||&#8220; text_text_color=&#8220;#ffffff&#8220; text_font_size=&#8220;15px&#8220; text_line_height=&#8220;1.4em&#8220; border_width_left=&#8220;14px&#8220; border_color_left=&#8220;rgba(0,0,0,0)&#8220; custom_margin_tablet=&#8220;35px||&#8220; custom_margin_last_edited=&#8220;on|phone&#8220;]<\/p>\n<p><span style=\"color: #e02b20;\">Region Allg\u00e4u<\/span><br \/> Leitung: Ingrid B\u00f6hm<\/p>\n<p>Bad W\u00f6rishofer Str. 4<br \/> 87719 Mindelheim<br \/> Telefon: 08261 76370-10<br \/> Telefax: 08261 76370-11<br \/> E-Mail: ingrid.boehm@bgfpg.de<\/p>\n<p><strong><br \/> <\/strong><span style=\"color: #e02b20;\">Region Passau<\/span><br \/> Leitung: Robert Hanke<\/p>\n<p>Grabengasse 9<br \/> 94032 Passau<br \/> Telefon: 0851 934083<br \/> Telefax: 0851 9347477<br \/> E-Mail: passau@bgfpg.de<\/p>\n<p>[\/et_pb_text][\/et_pb_column][\/et_pb_row][\/et_pb_section]<\/p>\n","protected":false},"excerpt":{"rendered":"<p>[et_pb_section bb_built=&#8220;1&#8243; _builder_version=&#8220;3.15&#8243; next_background_color=&#8220;#53575a&#8220;][et_pb_row use_custom_width=&#8220;on&#8220; width_unit=&#8220;off&#8220; custom_width_percent=&#8220;100%&#8220; use_custom_gutter=&#8220;on&#8220; gutter_width=&#8220;3&#8243; custom_padding=&#8220;29px|15px|29px|15px|false|false&#8220; module_class=&#8220;container&#8220; _builder_version=&#8220;3.15&#8243;][et_pb_column type=&#8220;1_3&#8243;][et_pb_text admin_label=&#8220;Quote&#8220; module_class=&#8220;pp-quote&#8220; _builder_version=&#8220;3.17.3&#8243; text_text_color=&#8220;#647983&#8243; text_font_size=&#8220;20px&#8220; text_font_size_last_edited=&#8220;on|phone&#8220; custom_margin=&#8220;6px|||0px&#8220; custom_padding_last_edited=&#8220;off|desktop&#8220; saved_tabs=&#8220;all&#8220; global_module=&#8220;1421&#8243;] Die Bayerischebietet Beratung, Hilfen zum Wohnen und gesetzliche Betreuung. [\/et_pb_text][\/et_pb_column][et_pb_column type=&#8220;2_3&#8243;][et_pb_text admin_label=&#8220;Headline and Text&#8220; _builder_version=&#8220;3.17.3&#8243;] Psychosozialer Wohnverbund Profil Wir nehmen R\u00fccksicht auf die Lebensrealit\u00e4ten und -erfahrungen unserer Klientinnen und Klienten, so verschieden [&hellip;]<\/p>\n","protected":false},"author":1,"featured_media":0,"parent":0,"menu_order":0,"comment_status":"closed","ping_status":"closed","template":"","meta":{"_et_pb_use_builder":"on","_et_pb_old_content":"","_et_gb_content_width":""},"_links":{"self":[{"href":"https:\/\/die-bayerische.de\/wp2018\/wp-json\/wp\/v2\/pages\/47"}],"collection":[{"href":"https:\/\/die-bayerische.de\/wp2018\/wp-json\/wp\/v2\/pages"}],"about":[{"href":"https:\/\/die-bayerische.de\/wp2018\/wp-json\/wp\/v2\/types\/page"}],"author":[{"embeddable":true,"href":"https:\/\/die-bayerische.de\/wp2018\/wp-json\/wp\/v2\/users\/1"}],"replies":[{"embeddable":true,"href":"https:\/\/die-bayerische.de\/wp2018\/wp-json\/wp\/v2\/comments?post=47"}],"version-history":[{"count":11,"href":"https:\/\/die-bayerische.de\/wp2018\/wp-json\/wp\/v2\/pages\/47\/revisions"}],"predecessor-version":[{"id":1425,"href":"https:\/\/die-bayerische.de\/wp2018\/wp-json\/wp\/v2\/pages\/47\/revisions\/1425"}],"wp:attachment":[{"href":"https:\/\/die-bayerische.de\/wp2018\/wp-json\/wp\/v2\/media?parent=47"}],"curies":[{"name":"wp","href":"https:\/\/api.w.org\/{rel}","templated":true}]}}